{"id":8877,"date":"2016-11-26T04:57:53","date_gmt":"2016-11-26T04:57:53","guid":{"rendered":"https:\/\/isilos.ru\/disenos-de-lineas-y-modulos-de-cribado-de-arena.php"},"modified":"2016-11-26T04:57:53","modified_gmt":"2016-11-26T04:57:53","slug":"disenos-de-lineas-y-modulos-de-cribado-de-arena","status":"publish","type":"page","link":"https:\/\/isilos.ru\/es\/disenos-de-lineas-y-modulos-de-cribado-de-arena.php","title":{"rendered":"Dise\u00f1os de l\u00edneas y m\u00f3dulos de cribado de arena"},"content":{"rendered":"<h2>M\u00f3dulo de cribado de arena en Kaliningrado, octubre de 2016<\/h2>\n<p>Este modelo forma parte de una planta de mezcla en seco y alimenta arena para su uso posterior en la l\u00ednea.<\/p>\n<p>La arena h\u00fameda se tamiza y luego pasa a un <a href=\"http:\/\/isilos.ru\/drying-drum.php\">secador de arena de tambor<\/a>.<\/p>\n<p>El cribado previo de la arena h\u00fameda y fr\u00eda reduce los costes energ\u00e9ticos en un 20-30%, ya que no es necesario secar las fracciones gruesas, que de todos modos pasar\u00e1n al cribado.<\/p>\n<div id='gallery-1' class='gallery galleryid-8877 gallery-columns-3 gallery-size-thumbnail'><figure class='gallery-item'>\n\t\t\t<div class='gallery-icon landscape'>\n\t\t\t\t<a href='https:\/\/isilos.ru\/wp-content\/uploads\/2016\/11\/Selection_004.png' title=\"\" data-rl_title=\"\" class=\"rl-gallery-link\" data-rl_caption=\"\" data-rel=\"lightbox-gallery-1\"><img loading=\"lazy\" decoding=\"async\" width=\"120\" height=\"100\" src=\"https:\/\/isilos.ru\/wp-content\/uploads\/2016\/11\/Selection_004-120x100.png\" class=\"attachment-thumbnail size-thumbnail\" alt=\"\" \/><\/a>\n\t\t\t<\/div><\/figure><figure class='gallery-item'>\n\t\t\t<div class='gallery-icon landscape'>\n\t\t\t\t<a href='https:\/\/isilos.ru\/wp-content\/uploads\/2016\/11\/2.jpg' title=\"\" data-rl_title=\"\" class=\"rl-gallery-link\" data-rl_caption=\"\" data-rel=\"lightbox-gallery-1\"><img loading=\"lazy\" decoding=\"async\" width=\"120\" height=\"100\" src=\"https:\/\/isilos.ru\/wp-content\/uploads\/2016\/11\/2-120x100.jpg\" class=\"attachment-thumbnail size-thumbnail\" alt=\"\" \/><\/a>\n\t\t\t<\/div><\/figure><figure class='gallery-item'>\n\t\t\t<div class='gallery-icon landscape'>\n\t\t\t\t<a href='https:\/\/isilos.ru\/wp-content\/uploads\/2016\/11\/1.jpg' title=\"\" data-rl_title=\"\" class=\"rl-gallery-link\" data-rl_caption=\"\" data-rel=\"lightbox-gallery-1\"><img loading=\"lazy\" decoding=\"async\" width=\"120\" height=\"100\" src=\"https:\/\/isilos.ru\/wp-content\/uploads\/2016\/11\/1-120x100.jpg\" class=\"attachment-thumbnail size-thumbnail\" alt=\"\" \/><\/a>\n\t\t\t<\/div><\/figure>\n\t\t<\/div>\n\n<p><strong>Composici\u00f3n de la l\u00ednea:<\/strong><\/p>\n<ol>\n<li><a href=\"https:\/\/isilos.ru\/bunkersp.php\">Tolva de arena<\/a> &#8211; con rejilla de cribado de piedras, construcci\u00f3n resistente con nervios de refuerzo, como carga por cargador frontal.<\/li>\n<li><a href=\"https:\/\/isilos.ru\/lentochnye-konvejery.php\">Cintas transportadoras<\/a><\/li>\n<li>Criba <a href=\"https:\/\/isilos.ru\/drum-grohot.php\">tr\u00f3mel AAMix BG<\/a> para un cribado fiable de arena h\u00fameda<\/li>\n<\/ol>\n<p>&nbsp;<\/p>\n<p>&nbsp;<\/p>\n","protected":false},"excerpt":{"rendered":"<p>Diversas opciones para organizar el cribado y la clasificaci\u00f3n de la arena dise\u00f1adas y fabricadas por nuestra planta.<\/p>\n","protected":false},"author":2,"featured_media":6661,"parent":0,"menu_order":0,"comment_status":"closed","ping_status":"closed","template":"","meta":{"footnotes":""},"class_list":["post-8877","page","type-page","status-publish","has-post-thumbnail","hentry"],"aioseo_notices":[],"_links":{"self":[{"href":"https:\/\/isilos.ru\/es\/wp-json\/wp\/v2\/pages\/8877","targetHints":{"allow":["GET"]}}],"collection":[{"href":"https:\/\/isilos.ru\/es\/wp-json\/wp\/v2\/pages"}],"about":[{"href":"https:\/\/isilos.ru\/es\/wp-json\/wp\/v2\/types\/page"}],"author":[{"embeddable":true,"href":"https:\/\/isilos.ru\/es\/wp-json\/wp\/v2\/users\/2"}],"replies":[{"embeddable":true,"href":"https:\/\/isilos.ru\/es\/wp-json\/wp\/v2\/comments?post=8877"}],"version-history":[{"count":0,"href":"https:\/\/isilos.ru\/es\/wp-json\/wp\/v2\/pages\/8877\/revisions"}],"wp:featuredmedia":[{"embeddable":true,"href":"https:\/\/isilos.ru\/es\/wp-json\/wp\/v2\/media\/6661"}],"wp:attachment":[{"href":"https:\/\/isilos.ru\/es\/wp-json\/wp\/v2\/media?parent=8877"}],"curies":[{"name":"wp","href":"https:\/\/api.w.org\/{rel}","templated":true}]}}