{"id":8879,"date":"2021-04-17T12:45:24","date_gmt":"2021-04-17T12:45:24","guid":{"rendered":"https:\/\/isilos.ru\/catalogo-de-productos-y-precios.php"},"modified":"2021-04-17T12:45:24","modified_gmt":"2021-04-17T12:45:24","slug":"catalogo-de-productos-y-precios","status":"publish","type":"page","link":"https:\/\/isilos.ru\/es\/catalogo-de-productos-y-precios.php","title":{"rendered":"Cat\u00e1logo de productos y precios"},"content":{"rendered":"<div class=\"awaik-bcn\"><strong><a href=\"\/1price_wam.pdf\">Descarga una lista de precios con los precios de los equipos.<\/a><\/strong><\/div>\n<div id=\"awaik-content\">\n<p>A continuaci\u00f3n encontrar\u00e1s un cat\u00e1logo completo de los productos fabricados y suministrados, con descripciones, fichas t\u00e9cnicas y todas las caracter\u00edsticas. Para cualquier tipo de equipo puedes descargar una descripci\u00f3n completa. <\/p>\n<\/div>\n","protected":false},"excerpt":{"rendered":"<p>Descarga una lista de precios con los precios de los equipos. A continuaci\u00f3n encontrar\u00e1s un cat\u00e1logo completo de los productos fabricados y suministrados, con descripciones, fichas t\u00e9cnicas y todas las caracter\u00edsticas. Para cualquier tipo de equipo puedes descargar una descripci\u00f3n completa.<\/p>\n","protected":false},"author":2,"featured_media":0,"parent":0,"menu_order":0,"comment_status":"closed","ping_status":"closed","template":"katalog-page.php","meta":{"footnotes":""},"class_list":["post-8879","page","type-page","status-publish","hentry"],"aioseo_notices":[],"_links":{"self":[{"href":"https:\/\/isilos.ru\/es\/wp-json\/wp\/v2\/pages\/8879","targetHints":{"allow":["GET"]}}],"collection":[{"href":"https:\/\/isilos.ru\/es\/wp-json\/wp\/v2\/pages"}],"about":[{"href":"https:\/\/isilos.ru\/es\/wp-json\/wp\/v2\/types\/page"}],"author":[{"embeddable":true,"href":"https:\/\/isilos.ru\/es\/wp-json\/wp\/v2\/users\/2"}],"replies":[{"embeddable":true,"href":"https:\/\/isilos.ru\/es\/wp-json\/wp\/v2\/comments?post=8879"}],"version-history":[{"count":0,"href":"https:\/\/isilos.ru\/es\/wp-json\/wp\/v2\/pages\/8879\/revisions"}],"wp:attachment":[{"href":"https:\/\/isilos.ru\/es\/wp-json\/wp\/v2\/media?parent=8879"}],"curies":[{"name":"wp","href":"https:\/\/api.w.org\/{rel}","templated":true}]}}