{"id":8893,"date":"2011-08-05T10:22:24","date_gmt":"2011-08-05T10:22:24","guid":{"rendered":"https:\/\/isilos.ru\/aamix-detalles-historia-sobre-nosotros.php"},"modified":"2011-08-05T10:22:24","modified_gmt":"2011-08-05T10:22:24","slug":"aamix-detalles-historia-sobre-nosotros","status":"publish","type":"page","link":"https:\/\/isilos.ru\/es\/aamix-detalles-historia-sobre-nosotros.php","title":{"rendered":"AAMix &#8211; detalles, historia, sobre nosotros"},"content":{"rendered":"<p>La Asociaci\u00f3n Cient\u00edfica y de Producci\u00f3n<strong>\u00abPlanta AAMix\u00bb<\/strong> fue fundada en 1998 y en la actualidad ocupa posiciones de liderazgo en el \u00e1mbito de la producci\u00f3n de equipos para mezclas secas de construcci\u00f3n, silos de cemento, componentes para sistemas de dosificaci\u00f3n.<\/p>\n<p><a  href=\"https:\/\/isilos.ru\/wp-content\/uploads\/2021\/12\/aamix-logo.jpg\" data-rel=\"lightbox-gallery-0\" data-rl_title=\"\" data-rl_caption=\"\" title=\"\"><img loading=\"lazy\" decoding=\"async\" class=\"alignright wp-image-3774 size-medium\" src=\"https:\/\/isilos.ru\/wp-content\/uploads\/2021\/12\/aamix-logo-300x263.jpg\" alt=\"\" width=\"300\" height=\"263\" srcset=\"https:\/\/isilos.ru\/wp-content\/uploads\/2021\/12\/aamix-logo-300x263.jpg 300w, https:\/\/isilos.ru\/wp-content\/uploads\/2021\/12\/aamix-logo-768x673.jpg 768w, https:\/\/isilos.ru\/wp-content\/uploads\/2021\/12\/aamix-logo.jpg 908w\" sizes=\"auto, (max-width: 300px) 100vw, 300px\" \/><\/a>Todos los productos de la planta de producci\u00f3n de mezclas secas se suministran bajo la marca AAMix. La planta produce bajo esta marca: <\/p>\n<ol>\n<li>Plantas completas llave en mano para la producci\u00f3n de mezclas secas.<\/li>\n<li>Tambores de secado de arena de 3 a 30 toneladas por hora.<\/li>\n<li>Mezcladoras en seco.<\/li>\n<li>Envasado en bolsas de v\u00e1lvula.<\/li>\n<li>V\u00e1lvulas de guillotina.<\/li>\n<li>Rasterizadores y rellenadores de bolsas grandes.<\/li>\n<li>Transportadores de cinta.<\/li>\n<li>Vibroamoladoras.<\/li>\n<li>Elevadores de cangilones.<\/li>\n<li>Silos.<\/li>\n<li>Filtros de silo.<\/li>\n<li>Sistemas de automatizaci\u00f3n y control remoto de dise\u00f1o propio.<\/li>\n<li>Controladores de producci\u00f3n propia con sistema de control de c\u00f3digo abierto (Open Source).<\/li>\n<\/ol>\n<h2>Un poco sobre nosotros en art\u00edculos<\/h2>\n<ul>\n<li><a href=\"https:\/\/isilos.ru\/ethic.php\">AAMix \u00c9tica Vegetal.<\/a><\/li>\n<li><a href=\"https:\/\/rossaprimavera.ru\/article\/a3705703\">Entrevista con Alexey Yaskov, fundador de la planta.<\/a><\/li>\n<\/ul>\n<h2>Investigaci\u00f3n cient\u00edfica<\/h2>\n<p>Llevamos a cabo actividades de investigaci\u00f3n y desarrollo en los \u00e1mbitos de la mejora de los equipos, la optimizaci\u00f3n de los procesos de producci\u00f3n, la automatizaci\u00f3n y la aplicaci\u00f3n de la inteligencia artificial en la producci\u00f3n de materiales de construcci\u00f3n.<\/p>\n<p><a href=\"https:\/\/isilos.ru\/aamix-skolkovo.php\">Somos residentes de Skolkovo.<\/a><\/p>\n<h2>Mapa de nuestras plantas y proyectos emblem\u00e1ticos<\/h2>\n<p>Entre los clientes puedes ver tanto las divisiones de KNAUF (Danogips), Gazprom, Norilsk Nickel y otras grandes empresas, como plantas construidas por empresas privadas para cubrir las necesidades de mezclas secas en peque\u00f1as ciudades y regiones.<\/p>\n<p>Estamos orgullosos de que muchos clientes lleven con nosotros m\u00e1s de 10 a\u00f1os y pidan constantemente nuevos equipos. Mejoramos constantemente la calidad, hacemos planos de calidad para cada proyecto, acompa\u00f1amos toda la documentaci\u00f3n de los equipos producidos. <\/p>\n<p><a href=\"https:\/\/isilos.ru\/reference-list.php\">Ver una lista de referencias<\/a> con clientes clave.<\/p>\n<div style=\"position: relative; overflow: hidden;\"><a style=\"color: #eee; font-size: 12px; position: absolute; top: 0px;\" href=\"https:\/\/yandex.ru\/maps?utm_medium=mapframe&amp;utm_source=maps\">Yandex.Mapas<\/a><a style=\"color: #eee; font-size: 12px; position: absolute; top: 14px;\" href=\"https:\/\/yandex.ru\/maps\/?l=sat%2Cskl&amp;ll=100.351220%2C50.598695&amp;mode=usermaps&amp;source=constructorLink&amp;um=constructor%3A9fd9126de61d5933233d35c295f2c323bbfb14bad0d4a863eb07670b9b4e4036&amp;utm_medium=mapframe&amp;utm_source=maps&amp;z=3\">Yandex.Maps &#8211; b\u00fasqueda de lugares y direcciones, transporte urbano<\/a><iframe loading=\"lazy\" style=\"position: relative;\" src=\"https:\/\/yandex.ru\/map-widget\/v1\/-\/CCUAaRBgcD\" width=\"560\" height=\"400\" frameborder=\"1\" allowfullscreen=\"allowfullscreen\"><\/iframe><\/div>\n<p>Gracias a un desarrollo din\u00e1mico y reflexivo, en 2004 la empresa pas\u00f3 a utilizar m\u00e9todos de producci\u00f3n europeos. Esto se consigui\u00f3 mediante la adquisici\u00f3n de una m\u00e1quina industrial <a href=\"http:\/\/www.metalworks.ru\/\">de corte por l\u00e1ser<\/a> de metal Trumpf, que corta metal de hasta 20 mm de grosor con gran precisi\u00f3n. Ahora, todas las piezas de los equipos se cortan primero en la m\u00e1quina l\u00e1ser con alta precisi\u00f3n y luego pasan al montaje. Por tanto, todos los equipos de nuestra f\u00e1brica son tecnol\u00f3gicamente avanzados, fiables y tienen un bonito aspecto.   <\/p>\n<p>La f\u00e1brica de AAMix se encuentra en San Petersburgo.<\/p>\n<ul>\n<li><strong>San Petersburgo<\/strong><br \/>Aqu\u00ed se encuentra la oficina central + taller de montaje y corte por l\u00e1ser. Es c\u00f3modo para los clientes venir a San Petersburgo, el departamento de ventas est\u00e1 trabajando, as\u00ed como especialistas altamente cualificados &#8211; programadores, corte por l\u00e1ser, dise\u00f1adores. <\/li>\n<\/ul>\n<p>Indicaciones y n\u00fameros de tel\u00e9fono en la <a href=\"http:\/\/isilos.ru\/contact.php\">secci\u00f3n de contacto<\/a>.<\/p>\n<p>La f\u00e1brica AAMix invierte continuamente mucho en el desarrollo de nuevas tecnolog\u00edas y en el apoyo a nuestros clientes.<\/p>\n<p>Tambi\u00e9n importamos los elementos necesarios para las plantas, cuyos an\u00e1logos de calidad no est\u00e1n disponibles en Rusia. Tras muchos a\u00f1os de cooperaci\u00f3n con la empresa WAM en el \u00e1mbito del equipamiento de plantas para la producci\u00f3n de materiales de construcci\u00f3n con sinfines, filtros, sensores de nivel y muchos otros componentes, a principios de 2010 la planta AAMix se convirti\u00f3 en distribuidor oficial de la empresa WAM en San Petersburgo y la regi\u00f3n Noroeste. Sin embargo, los env\u00edos de equipos, como antes, pueden realizarse a cualquier punto de Rusia. WAM es el principal proveedor mundial de componentes para la producci\u00f3n de hormig\u00f3n y cemento. Ahora el almac\u00e9n de San Petersburgo dispone siempre de los productos necesarios a precios de fabricante:    <\/p>\n<ul>\n<li>sinfines y transportadores<\/li>\n<li>sensores de nivel<\/li>\n<li>v\u00e1lvulas de compuerta<\/li>\n<li>v\u00e1lvulas de seguridad<\/li>\n<li>puertas de sector<\/li>\n<li>y m\u00e1s&#8230;.<\/li>\n<\/ul>\n<p style=\"text-align: center;\">Certificado de socio WAM<\/p>\n<p><a class=\"swipebox\" title=\"\" href=\"https:\/\/isilos.ru\/wp-content\/uploads\/2019\/04\/aamix-wam.jpg\" data-rel=\"lightbox-gallery-bGlnaHRib3gtZ2FsbGVyeS0x\" data-rl_title=\"\" data-rl_caption=\"\" data-rl_title=\"\" data-rl_caption=\"\"><img loading=\"lazy\" decoding=\"async\" class=\"aligncenter wp-image-3035 size-medium\" src=\"https:\/\/isilos.ru\/wp-content\/uploads\/2019\/04\/aamix-wam-300x212.jpg\" sizes=\"auto, (max-width: 300px) 100vw, 300px\" srcset=\"https:\/\/isilos.ru\/wp-content\/uploads\/2019\/04\/aamix-wam-300x212.jpg 300w, https:\/\/isilos.ru\/wp-content\/uploads\/2019\/04\/aamix-wam-768x543.jpg 768w, https:\/\/isilos.ru\/wp-content\/uploads\/2019\/04\/aamix-wam.jpg 1400w\" alt=\"Certificado de distribuidor WAM\" width=\"300\" height=\"212\"><\/a><\/p>\n<p>&nbsp;<\/p>\n<p>Cuando compras equipos de la f\u00e1brica AAMix, no s\u00f3lo obtienes un producto que ha sido probado en muchas instalaciones de producci\u00f3n y elegido por muchas empresas l\u00edderes del sector de la construcci\u00f3n, sino tambi\u00e9n asistencia t\u00e9cnica durante el funcionamiento de estos equipos.<\/p>\n<p>La calidad y fabricabilidad de los equipos fabricados se confirma por el hecho de que los productos de la planta son demandados no s\u00f3lo en Rusia y la CEI, sino tambi\u00e9n en todo el mundo. Los equipos se suministran a Europa, Am\u00e9rica Latina, la regi\u00f3n del Pac\u00edfico y Australia. <\/p>\n<p align=\"CENTER\"><strong>Planta AAMix: \u00a1confianza en el apoyo!<\/strong><\/p>\n<h2 style=\"text-align: left;\" align=\"CENTER\">Requisitos de la empresa:<\/h2>\n<p>OOO Zavod AAMix<br \/>OGRN 1197847023824<br \/>TIN 7806555931<br \/>KPP 780601001<br \/><strong>Banco<br \/><\/strong>p\/s 40702810190320002397<br \/>PJSC Banco de San Petersburgo<br \/>k\/s 30101810900000000790<br \/>BIK 044030790<\/p>\n<h2 id=\"logo-aamix\">Marca, logotipo AAMix<\/h2>\n<p>Colores de firma:<\/p>\n<ul>\n<li>Marca azul #364ea2<\/li>\n<li>Gris de marca #5c5b68<\/li>\n<\/ul>\n<p><a href=\"https:\/\/isilos.ru\/wp-content\/uploads\/2021\/12\/AAMiks_LOGO.pdf\">Descarga un archivo pdf con opciones de logotipo y ortograf\u00eda.<\/a><\/p>\n<p><a  href=\"https:\/\/isilos.ru\/wp-content\/uploads\/2021\/12\/aamix-logo.jpg\" data-rel=\"lightbox-gallery-0\" data-rl_title=\"\" data-rl_caption=\"\" title=\"\"><img loading=\"lazy\" decoding=\"async\" class=\"aligncenter size-full wp-image-3774\" src=\"https:\/\/isilos.ru\/wp-content\/uploads\/2021\/12\/aamix-logo.jpg\" alt=\"\" width=\"908\" height=\"796\" srcset=\"https:\/\/isilos.ru\/wp-content\/uploads\/2021\/12\/aamix-logo.jpg 908w, https:\/\/isilos.ru\/wp-content\/uploads\/2021\/12\/aamix-logo-300x263.jpg 300w, https:\/\/isilos.ru\/wp-content\/uploads\/2021\/12\/aamix-logo-768x673.jpg 768w\" sizes=\"auto, (max-width: 908px) 100vw, 908px\" \/><\/a><\/p>\n<p>&nbsp;<\/p>\n<p><a  href=\"https:\/\/isilos.ru\/wp-content\/uploads\/2022\/02\/logo_blue.jpg\" data-rel=\"lightbox-gallery-0\" data-rl_title=\"\" data-rl_caption=\"\" title=\"\"><img loading=\"lazy\" decoding=\"async\" class=\"aligncenter size-full wp-image-3800\" src=\"https:\/\/isilos.ru\/wp-content\/uploads\/2022\/02\/logo_blue.jpg\" alt=\"Logotipo de la planta AAMix\" width=\"1464\" height=\"1464\" srcset=\"https:\/\/isilos.ru\/wp-content\/uploads\/2022\/02\/logo_blue.jpg 1464w, https:\/\/isilos.ru\/wp-content\/uploads\/2022\/02\/logo_blue-300x300.jpg 300w, https:\/\/isilos.ru\/wp-content\/uploads\/2022\/02\/logo_blue-1024x1024.jpg 1024w, https:\/\/isilos.ru\/wp-content\/uploads\/2022\/02\/logo_blue-768x768.jpg 768w\" sizes=\"auto, (max-width: 1464px) 100vw, 1464px\" \/><\/a><\/p>\n<p style=\"text-align: center;\">Cubiertas de v\u00eddeo<\/p>\n<p><a  href=\"https:\/\/isilos.ru\/wp-content\/uploads\/2022\/02\/video-blue.jpg\" data-rel=\"lightbox-gallery-0\" data-rl_title=\"\" data-rl_caption=\"\" title=\"\"><img loading=\"lazy\" decoding=\"async\" class=\"aligncenter size-full wp-image-3824\" src=\"https:\/\/isilos.ru\/wp-content\/uploads\/2022\/02\/video-blue.jpg\" alt=\"\" width=\"2560\" height=\"1440\" srcset=\"https:\/\/isilos.ru\/wp-content\/uploads\/2022\/02\/video-blue.jpg 2560w, https:\/\/isilos.ru\/wp-content\/uploads\/2022\/02\/video-blue-300x169.jpg 300w, https:\/\/isilos.ru\/wp-content\/uploads\/2022\/02\/video-blue-1600x900.jpg 1600w, https:\/\/isilos.ru\/wp-content\/uploads\/2022\/02\/video-blue-768x432.jpg 768w, https:\/\/isilos.ru\/wp-content\/uploads\/2022\/02\/video-blue-1536x864.jpg 1536w, https:\/\/isilos.ru\/wp-content\/uploads\/2022\/02\/video-blue-2048x1152.jpg 2048w\" sizes=\"auto, (max-width: 2560px) 100vw, 2560px\" \/><\/a><\/p>\n<p style=\"text-align: center;\">Transparente para documentos<\/p>\n<p><img loading=\"lazy\" decoding=\"async\" class=\"aligncenter size-full wp-image-4656\" src=\"https:\/\/isilos.ru\/wp-content\/uploads\/2024\/04\/logo_title.png\" alt=\"\" width=\"1130\" height=\"394\" srcset=\"https:\/\/isilos.ru\/wp-content\/uploads\/2024\/04\/logo_title.png 1130w, https:\/\/isilos.ru\/wp-content\/uploads\/2024\/04\/logo_title-300x105.png 300w, https:\/\/isilos.ru\/wp-content\/uploads\/2024\/04\/logo_title-768x268.png 768w\" sizes=\"auto, (max-width: 1130px) 100vw, 1130px\" \/><\/p>\n<p>&nbsp;<\/p>\n<p>&nbsp;<\/p>\n","protected":false},"excerpt":{"rendered":"<p>La Asociaci\u00f3n Cient\u00edfica y de Producci\u00f3n\u00abPlanta AAMix\u00bb fue fundada en 1998 y en la actualidad ocupa posiciones de liderazgo en el \u00e1mbito de la producci\u00f3n de equipos para mezclas secas de construcci\u00f3n, silos de cemento, componentes para sistemas de dosificaci\u00f3n. Todos los productos de la planta de producci\u00f3n de mezclas secas se suministran bajo la [&hellip;]<\/p>\n","protected":false},"author":2,"featured_media":6901,"parent":0,"menu_order":0,"comment_status":"open","ping_status":"open","template":"","meta":{"footnotes":""},"class_list":["post-8893","page","type-page","status-publish","has-post-thumbnail","hentry"],"aioseo_notices":[],"_links":{"self":[{"href":"https:\/\/isilos.ru\/es\/wp-json\/wp\/v2\/pages\/8893","targetHints":{"allow":["GET"]}}],"collection":[{"href":"https:\/\/isilos.ru\/es\/wp-json\/wp\/v2\/pages"}],"about":[{"href":"https:\/\/isilos.ru\/es\/wp-json\/wp\/v2\/types\/page"}],"author":[{"embeddable":true,"href":"https:\/\/isilos.ru\/es\/wp-json\/wp\/v2\/users\/2"}],"replies":[{"embeddable":true,"href":"https:\/\/isilos.ru\/es\/wp-json\/wp\/v2\/comments?post=8893"}],"version-history":[{"count":0,"href":"https:\/\/isilos.ru\/es\/wp-json\/wp\/v2\/pages\/8893\/revisions"}],"wp:featuredmedia":[{"embeddable":true,"href":"https:\/\/isilos.ru\/es\/wp-json\/wp\/v2\/media\/6901"}],"wp:attachment":[{"href":"https:\/\/isilos.ru\/es\/wp-json\/wp\/v2\/media?parent=8893"}],"curies":[{"name":"wp","href":"https:\/\/api.w.org\/{rel}","templated":true}]}}