{"id":8894,"date":"2011-08-05T10:25:44","date_gmt":"2011-08-05T10:25:44","guid":{"rendered":"https:\/\/isilos.ru\/informacion-de-contacto.php"},"modified":"2011-08-05T10:25:44","modified_gmt":"2011-08-05T10:25:44","slug":"informacion-de-contacto","status":"publish","type":"page","link":"https:\/\/isilos.ru\/es\/informacion-de-contacto.php","title":{"rendered":"Informaci\u00f3n de contacto"},"content":{"rendered":"<p>Instalamos plantas y suministramos productos en toda Rusia y el mundo.<\/p>\n<p>Las plantas e instalaciones de AAMix operan en los Urales, Siberia, Extremo Oriente, regiones del Sur y Central del pa\u00eds.<\/p>\n<ul>\n<li><a href=\"https:\/\/isilos.ru\/es\/aamix-detalles-historia-sobre-nosotros.php\">Ver m\u00e1s informaci\u00f3n sobre nosotros.<\/a><\/li>\n<li><a href=\"https:\/\/isilos.ru\/job.php\">Vacantes en San Petersburgo.<\/a><\/li>\n<\/ul>\n<h2>Rusia<\/h2>\n<p>Enviamos equipos a toda Rusia y la CEI mediante empresas de transporte y contenedores ferroviarios. Al extranjero, normalmente en contenedores mar\u00edtimos.<\/p>\n<h2>Sede central y f\u00e1brica en San Petersburgo<\/h2>\n<p>tel.: +7 (812) 408-41-82<br \/>Telegrama <a href=\"https:\/\/t.me\/aamixru\">https:\/\/t.me\/aamixru<\/a><br \/>Correo electr\u00f3nico: <a href=\"mailto:info@isilos.ru\">info@isilos.ru<\/a><br \/>Direcci\u00f3n: Calle Mineralnaya, 13I, San Petersburgo, 195197<br \/>Horario de trabajo: de 9.00 a 17.00<br \/>Fines de semana &#8211; s\u00e1bado, domingo<\/p>\n<p>&nbsp;<\/p>\n<p><!-----\u043a\u0430\u0440\u0442\u0430 \u043f\u0438\u0442\u0435\u0440--------------------------------------------------------------------------><\/p>\n<p><script type=\"text\/javascript\" charset=\"utf-8\" async=\"\" src=\"https:\/\/api-maps.yandex.ru\/services\/constructor\/1.0\/js\/?um=constructor%3A5d005b1114d2716c57ec8b05af6bfb86bd3d0a5d3beb1a4dfa5fd82cf7f264f9&amp;width=565&amp;height=438&amp;lang=ru_RU&amp;scroll=true\"><\/script><\/p>\n<p><!-----\u043a\u043e\u043d\u0435\u0446 \u043a\u0430\u0440\u0442\u0430 \u043f\u0438\u0442\u0435\u0440--------------------------------------------------------------------------><\/p>\n<h2>Mapa de nuestras plantas y proyectos emblem\u00e1ticos<\/h2>\n<p>Entre los clientes puedes ver tanto las divisiones de KNAUF (Danogips), Gazprom, Norilsk Nickel y otras grandes empresas, como plantas construidas por empresas privadas para cubrir las necesidades de mezclas secas en peque\u00f1as ciudades y regiones.<\/p>\n<p>Estamos orgullosos de que muchos clientes lleven con nosotros m\u00e1s de 10 a\u00f1os y pidan constantemente nuevos equipos. Mejoramos constantemente la calidad, hacemos planos de calidad para cada proyecto, acompa\u00f1amos todos los equipos con toda la documentaci\u00f3n.<\/p>\n<div style=\"position: relative; overflow: hidden;\"><a style=\"color: #eee; font-size: 12px; position: absolute; top: 0px;\" href=\"https:\/\/yandex.ru\/maps?utm_medium=mapframe&amp;utm_source=maps\">Yandex.Mapas<\/a><a style=\"color: #eee; font-size: 12px; position: absolute; top: 14px;\" href=\"https:\/\/yandex.ru\/maps\/?l=sat%2Cskl&amp;ll=100.351220%2C50.598695&amp;mode=usermaps&amp;source=constructorLink&amp;um=constructor%3A9fd9126de61d5933233d35c295f2c323bbfb14bad0d4a863eb07670b9b4e4036&amp;utm_medium=mapframe&amp;utm_source=maps&amp;z=3\">Yandex.Maps &#8211; b\u00fasqueda de lugares y direcciones, transporte urbano<\/a><iframe loading=\"lazy\" style=\"position: relative;\" src=\"https:\/\/yandex.ru\/map-widget\/v1\/-\/CCUAaRBgcD\" width=\"560\" height=\"400\" frameborder=\"1\" allowfullscreen=\"allowfullscreen\"><\/iframe><\/div>\n<p>&nbsp;<\/p>\n<h2 style=\"text-align: left;\" align=\"CENTER\">Requisitos de la empresa:<\/h2>\n<p>OOO Zavod AAMix<br \/>OGRN 1197847023824<br \/>TIN 7806555931<br \/>KPP 780601001<\/p>\n<p>BANCO<br \/>PJSC \u00abBanco San Petersburgo\u00bb<br \/>p\/s 40702810190320002397<br \/>k\/s 30101810900000000790<br \/>BIK 044030790<\/p>\n<p>Jur. direcci\u00f3n: 195197, Ciudad de San Petersburgo, calle Mineralnaya str. 13, letra I, premisas. 1-N, OFICINA 15 LUGAR DE TRABAJO 1<\/p>\n","protected":false},"excerpt":{"rendered":"<p>Instalamos plantas y suministramos productos en toda Rusia y el mundo. Las plantas e instalaciones de AAMix operan en los Urales, Siberia, Extremo Oriente, regiones del Sur y Central del pa\u00eds. Ver m\u00e1s informaci\u00f3n sobre nosotros. Vacantes en San Petersburgo. Rusia Enviamos equipos a toda Rusia y la CEI mediante empresas de transporte y contenedores [&hellip;]<\/p>\n","protected":false},"author":2,"featured_media":0,"parent":0,"menu_order":0,"comment_status":"open","ping_status":"closed","template":"","meta":{"footnotes":""},"class_list":["post-8894","page","type-page","status-publish","hentry"],"aioseo_notices":[],"_links":{"self":[{"href":"https:\/\/isilos.ru\/es\/wp-json\/wp\/v2\/pages\/8894","targetHints":{"allow":["GET"]}}],"collection":[{"href":"https:\/\/isilos.ru\/es\/wp-json\/wp\/v2\/pages"}],"about":[{"href":"https:\/\/isilos.ru\/es\/wp-json\/wp\/v2\/types\/page"}],"author":[{"embeddable":true,"href":"https:\/\/isilos.ru\/es\/wp-json\/wp\/v2\/users\/2"}],"replies":[{"embeddable":true,"href":"https:\/\/isilos.ru\/es\/wp-json\/wp\/v2\/comments?post=8894"}],"version-history":[{"count":0,"href":"https:\/\/isilos.ru\/es\/wp-json\/wp\/v2\/pages\/8894\/revisions"}],"wp:attachment":[{"href":"https:\/\/isilos.ru\/es\/wp-json\/wp\/v2\/media?parent=8894"}],"curies":[{"name":"wp","href":"https:\/\/api.w.org\/{rel}","templated":true}]}}