{"id":8906,"date":"2016-08-31T10:19:15","date_gmt":"2016-08-31T10:19:15","guid":{"rendered":"https:\/\/isilos.ru\/disenos-de-lineas-de-secado-para-diversos-materiales.php"},"modified":"2016-08-31T10:19:15","modified_gmt":"2016-08-31T10:19:15","slug":"disenos-de-lineas-de-secado-para-diversos-materiales","status":"publish","type":"page","link":"https:\/\/isilos.ru\/es\/disenos-de-lineas-de-secado-para-diversos-materiales.php","title":{"rendered":"Dise\u00f1os de l\u00edneas de secado para diversos materiales"},"content":{"rendered":"<h2>Planta completa de secado, cribado y envasado de arena, San Petersburgo, verano de 2018<\/h2>\n<p>Esta planta puede visitarse cualquier d\u00eda laborable para hacer una visita guiada.<\/p>\n<p><iframe loading=\"lazy\" title=\"\u041b\u0438\u043d\u0438\u044f \u0441\u0443\u0448\u043a\u0438 \u043f\u0435\u0441\u043a\u0430 \u0438 \u0437\u0430\u0442\u0430\u0440\u0438\u0432\u0430\u043d\u0438\u044f \u0432 \u0431\u0438\u0433-\u0431\u0435\u0433\u0438\" width=\"640\" height=\"360\" src=\"https:\/\/www.youtube.com\/embed\/n0-VHUaq6to?feature=oembed\" frameborder=\"0\" allow=\"accelerometer; autoplay; clipboard-write; encrypted-media; gyroscope; picture-in-picture; web-share\" referrerpolicy=\"strict-origin-when-cross-origin\" allowfullscreen><\/iframe><\/p>\n<h2>Proyecto en Vyshniy Volochek, agosto de 2016<\/h2>\n<p>En este proyecto, la capacidad de secado de arena es de 10 toneladas por hora. Despu\u00e9s, se empaqueta la arena seca:<\/p>\n<ul>\n<li>sacos de v\u00e1lvula de 10 a 50 kg.<\/li>\n<li>bolsa grande<\/li>\n<li>o transportados en camiones de cemento.<\/li>\n<\/ul>\n<div id='gallery-1' class='gallery galleryid-8906 gallery-columns-4 gallery-size-thumbnail'><figure class='gallery-item'>\n\t\t\t<div class='gallery-icon landscape'>\n\t\t\t\t<a href='https:\/\/isilos.ru\/wp-content\/uploads\/2016\/08\/8.jpg' title=\"\" data-rl_title=\"\" class=\"rl-gallery-link\" data-rl_caption=\"\" data-rel=\"lightbox-gallery-1\"><img loading=\"lazy\" decoding=\"async\" width=\"120\" height=\"100\" src=\"https:\/\/isilos.ru\/wp-content\/uploads\/2016\/08\/8-120x100.jpg\" class=\"attachment-thumbnail size-thumbnail\" alt=\"\" \/><\/a>\n\t\t\t<\/div><\/figure><figure class='gallery-item'>\n\t\t\t<div class='gallery-icon landscape'>\n\t\t\t\t<a href='https:\/\/isilos.ru\/wp-content\/uploads\/2016\/08\/13.jpg' title=\"\" data-rl_title=\"\" class=\"rl-gallery-link\" data-rl_caption=\"\" data-rel=\"lightbox-gallery-1\"><img loading=\"lazy\" decoding=\"async\" width=\"120\" height=\"100\" src=\"https:\/\/isilos.ru\/wp-content\/uploads\/2016\/08\/13-120x100.jpg\" class=\"attachment-thumbnail size-thumbnail\" alt=\"\" \/><\/a>\n\t\t\t<\/div><\/figure><figure class='gallery-item'>\n\t\t\t<div class='gallery-icon landscape'>\n\t\t\t\t<a href='https:\/\/isilos.ru\/wp-content\/uploads\/2016\/08\/22.jpg' title=\"\" data-rl_title=\"\" class=\"rl-gallery-link\" data-rl_caption=\"\" data-rel=\"lightbox-gallery-1\"><img loading=\"lazy\" decoding=\"async\" width=\"120\" height=\"100\" src=\"https:\/\/isilos.ru\/wp-content\/uploads\/2016\/08\/22-120x100.jpg\" class=\"attachment-thumbnail size-thumbnail\" alt=\"\" \/><\/a>\n\t\t\t<\/div><\/figure><figure class='gallery-item'>\n\t\t\t<div class='gallery-icon landscape'>\n\t\t\t\t<a href='https:\/\/isilos.ru\/wp-content\/uploads\/2016\/08\/52.jpg' title=\"\" data-rl_title=\"\" class=\"rl-gallery-link\" data-rl_caption=\"\" data-rel=\"lightbox-gallery-1\"><img loading=\"lazy\" decoding=\"async\" width=\"120\" height=\"100\" src=\"https:\/\/isilos.ru\/wp-content\/uploads\/2016\/08\/52-120x100.jpg\" class=\"attachment-thumbnail size-thumbnail\" alt=\"\" \/><\/a>\n\t\t\t<\/div><\/figure><figure class='gallery-item'>\n\t\t\t<div class='gallery-icon landscape'>\n\t\t\t\t<a href='https:\/\/isilos.ru\/wp-content\/uploads\/2016\/08\/32.jpg' title=\"\" data-rl_title=\"\" class=\"rl-gallery-link\" data-rl_caption=\"\" data-rel=\"lightbox-gallery-1\"><img loading=\"lazy\" decoding=\"async\" width=\"120\" height=\"100\" src=\"https:\/\/isilos.ru\/wp-content\/uploads\/2016\/08\/32-120x100.jpg\" class=\"attachment-thumbnail size-thumbnail\" alt=\"\" \/><\/a>\n\t\t\t<\/div><\/figure><figure class='gallery-item'>\n\t\t\t<div class='gallery-icon landscape'>\n\t\t\t\t<a href='https:\/\/isilos.ru\/wp-content\/uploads\/2016\/08\/42.jpg' title=\"\" data-rl_title=\"\" class=\"rl-gallery-link\" data-rl_caption=\"\" data-rel=\"lightbox-gallery-1\"><img loading=\"lazy\" decoding=\"async\" width=\"120\" height=\"100\" src=\"https:\/\/isilos.ru\/wp-content\/uploads\/2016\/08\/42-120x100.jpg\" class=\"attachment-thumbnail size-thumbnail\" alt=\"\" \/><\/a>\n\t\t\t<\/div><\/figure><figure class='gallery-item'>\n\t\t\t<div class='gallery-icon landscape'>\n\t\t\t\t<a href='https:\/\/isilos.ru\/wp-content\/uploads\/2016\/08\/43.jpg' title=\"\" data-rl_title=\"\" class=\"rl-gallery-link\" data-rl_caption=\"\" data-rel=\"lightbox-gallery-1\"><img loading=\"lazy\" decoding=\"async\" width=\"120\" height=\"100\" src=\"https:\/\/isilos.ru\/wp-content\/uploads\/2016\/08\/43-120x100.jpg\" class=\"attachment-thumbnail size-thumbnail\" alt=\"\" \/><\/a>\n\t\t\t<\/div><\/figure><figure class='gallery-item'>\n\t\t\t<div class='gallery-icon landscape'>\n\t\t\t\t<a href='https:\/\/isilos.ru\/wp-content\/uploads\/2016\/08\/5.jpg' title=\"\" data-rl_title=\"\" class=\"rl-gallery-link\" data-rl_caption=\"\" data-rel=\"lightbox-gallery-1\"><img loading=\"lazy\" decoding=\"async\" width=\"120\" height=\"100\" src=\"https:\/\/isilos.ru\/wp-content\/uploads\/2016\/08\/5-120x100.jpg\" class=\"attachment-thumbnail size-thumbnail\" alt=\"\" \/><\/a>\n\t\t\t<\/div><\/figure><figure class='gallery-item'>\n\t\t\t<div class='gallery-icon landscape'>\n\t\t\t\t<a href='https:\/\/isilos.ru\/wp-content\/uploads\/2016\/08\/6.jpg' title=\"\" data-rl_title=\"\" class=\"rl-gallery-link\" data-rl_caption=\"\" data-rel=\"lightbox-gallery-1\"><img loading=\"lazy\" decoding=\"async\" width=\"120\" height=\"100\" src=\"https:\/\/isilos.ru\/wp-content\/uploads\/2016\/08\/6-120x100.jpg\" class=\"attachment-thumbnail size-thumbnail\" alt=\"\" \/><\/a>\n\t\t\t<\/div><\/figure><figure class='gallery-item'>\n\t\t\t<div class='gallery-icon landscape'>\n\t\t\t\t<a href='https:\/\/isilos.ru\/wp-content\/uploads\/2016\/08\/7.jpg' title=\"\" data-rl_title=\"\" class=\"rl-gallery-link\" data-rl_caption=\"\" data-rel=\"lightbox-gallery-1\"><img loading=\"lazy\" decoding=\"async\" width=\"120\" height=\"100\" src=\"https:\/\/isilos.ru\/wp-content\/uploads\/2016\/08\/7-120x100.jpg\" class=\"attachment-thumbnail size-thumbnail\" alt=\"\" \/><\/a>\n\t\t\t<\/div><\/figure><figure class='gallery-item'>\n\t\t\t<div class='gallery-icon landscape'>\n\t\t\t\t<a href='https:\/\/isilos.ru\/wp-content\/uploads\/2016\/08\/1.jpg' title=\"\" data-rl_title=\"\" class=\"rl-gallery-link\" data-rl_caption=\"\" data-rel=\"lightbox-gallery-1\"><img loading=\"lazy\" decoding=\"async\" width=\"120\" height=\"100\" src=\"https:\/\/isilos.ru\/wp-content\/uploads\/2016\/08\/1-120x100.jpg\" class=\"attachment-thumbnail size-thumbnail\" alt=\"\" \/><\/a>\n\t\t\t<\/div><\/figure><figure class='gallery-item'>\n\t\t\t<div class='gallery-icon landscape'>\n\t\t\t\t<a href='https:\/\/isilos.ru\/wp-content\/uploads\/2016\/08\/4.jpg' title=\"\" data-rl_title=\"\" class=\"rl-gallery-link\" data-rl_caption=\"\" data-rel=\"lightbox-gallery-1\"><img loading=\"lazy\" decoding=\"async\" width=\"120\" height=\"100\" src=\"https:\/\/isilos.ru\/wp-content\/uploads\/2016\/08\/4-120x100.jpg\" class=\"attachment-thumbnail size-thumbnail\" alt=\"\" \/><\/a>\n\t\t\t<\/div><\/figure><figure class='gallery-item'>\n\t\t\t<div class='gallery-icon landscape'>\n\t\t\t\t<a href='https:\/\/isilos.ru\/wp-content\/uploads\/2016\/08\/23.jpg' title=\"\" data-rl_title=\"\" class=\"rl-gallery-link\" data-rl_caption=\"\" data-rel=\"lightbox-gallery-1\"><img loading=\"lazy\" decoding=\"async\" width=\"120\" height=\"100\" src=\"https:\/\/isilos.ru\/wp-content\/uploads\/2016\/08\/23-120x100.jpg\" class=\"attachment-thumbnail size-thumbnail\" alt=\"\" \/><\/a>\n\t\t\t<\/div><\/figure><figure class='gallery-item'>\n\t\t\t<div class='gallery-icon landscape'>\n\t\t\t\t<a href='https:\/\/isilos.ru\/wp-content\/uploads\/2016\/08\/2.jpg' title=\"\" data-rl_title=\"\" class=\"rl-gallery-link\" data-rl_caption=\"\" data-rel=\"lightbox-gallery-1\"><img loading=\"lazy\" decoding=\"async\" width=\"120\" height=\"100\" src=\"https:\/\/isilos.ru\/wp-content\/uploads\/2016\/08\/2-120x100.jpg\" class=\"attachment-thumbnail size-thumbnail\" alt=\"\" \/><\/a>\n\t\t\t<\/div><\/figure><figure class='gallery-item'>\n\t\t\t<div class='gallery-icon landscape'>\n\t\t\t\t<a href='https:\/\/isilos.ru\/wp-content\/uploads\/2016\/08\/33.jpg' title=\"\" data-rl_title=\"\" class=\"rl-gallery-link\" data-rl_caption=\"\" data-rel=\"lightbox-gallery-1\"><img loading=\"lazy\" decoding=\"async\" width=\"120\" height=\"100\" src=\"https:\/\/isilos.ru\/wp-content\/uploads\/2016\/08\/33-120x100.jpg\" class=\"attachment-thumbnail size-thumbnail\" alt=\"\" \/><\/a>\n\t\t\t<\/div><\/figure><figure class='gallery-item'>\n\t\t\t<div class='gallery-icon landscape'>\n\t\t\t\t<a href='https:\/\/isilos.ru\/wp-content\/uploads\/2016\/08\/3.jpg' title=\"\" data-rl_title=\"\" class=\"rl-gallery-link\" data-rl_caption=\"\" data-rel=\"lightbox-gallery-1\"><img loading=\"lazy\" decoding=\"async\" width=\"120\" height=\"100\" src=\"https:\/\/isilos.ru\/wp-content\/uploads\/2016\/08\/3-120x100.jpg\" class=\"attachment-thumbnail size-thumbnail\" alt=\"\" \/><\/a>\n\t\t\t<\/div><\/figure>\n\t\t<\/div>\n\n<h2>Proyecto de una l\u00ednea \u00fanica en Abakan, invierno de 2018<\/h2>\n<p>L\u00ednea de secado de arena trabajando con carb\u00f3n en bruto. La l\u00ednea incorpora un hogar cl\u00e1sico robusto. M\u00e1s informaci\u00f3n <a href=\"https:\/\/isilos.ru\/new-drum-coal-burner.php\">en la noticia<\/a>.<\/p>\n<div id='gallery-2' class='gallery galleryid-8906 gallery-columns-3 gallery-size-thumbnail'><figure class='gallery-item'>\n\t\t\t<div class='gallery-icon landscape'>\n\t\t\t\t<a href='https:\/\/isilos.ru\/wp-content\/uploads\/2018\/02\/d3.jpg' title=\"\" data-rl_title=\"\" class=\"rl-gallery-link\" data-rl_caption=\"\" data-rel=\"lightbox-gallery-2\"><img loading=\"lazy\" decoding=\"async\" width=\"120\" height=\"100\" src=\"https:\/\/isilos.ru\/wp-content\/uploads\/2018\/02\/d3-120x100.jpg\" class=\"attachment-thumbnail size-thumbnail\" alt=\"\u043c\u043e\u0434\u0435\u043b\u044c \u0442\u043e\u043f\u043a\u0438 \u043d\u0430 \u0443\u0433\u043b\u0435 \u0434\u043b\u044f \u0441\u0443\u0448\u0438\u043b\u044c\u043d\u043e\u0433\u043e \u0431\u0430\u0440\u0430\u0431\u0430\u043d\u0430\" \/><\/a>\n\t\t\t<\/div><\/figure><figure class='gallery-item'>\n\t\t\t<div class='gallery-icon landscape'>\n\t\t\t\t<a href='https:\/\/isilos.ru\/wp-content\/uploads\/2018\/02\/d2.jpg' title=\"\" data-rl_title=\"\" class=\"rl-gallery-link\" data-rl_caption=\"\" data-rel=\"lightbox-gallery-2\"><img loading=\"lazy\" decoding=\"async\" width=\"120\" height=\"100\" src=\"https:\/\/isilos.ru\/wp-content\/uploads\/2018\/02\/d2-120x100.jpg\" class=\"attachment-thumbnail size-thumbnail\" alt=\"\u0447\u0435\u0440\u0442\u0435\u0436 \u043b\u0438\u043d\u0438\u0438 \u0441\u0443\u0448\u043a\u0438 \u043f\u0435\u0441\u043a\u0430\" \/><\/a>\n\t\t\t<\/div><\/figure><figure class='gallery-item'>\n\t\t\t<div class='gallery-icon landscape'>\n\t\t\t\t<a href='https:\/\/isilos.ru\/wp-content\/uploads\/2018\/02\/d1.jpg' title=\"\" data-rl_title=\"\" class=\"rl-gallery-link\" data-rl_caption=\"\" data-rel=\"lightbox-gallery-2\"><img loading=\"lazy\" decoding=\"async\" width=\"120\" height=\"100\" src=\"https:\/\/isilos.ru\/wp-content\/uploads\/2018\/02\/d1-120x100.jpg\" class=\"attachment-thumbnail size-thumbnail\" alt=\"\u043b\u0438\u043d\u0438\u044f \u0441\u0443\u0448\u043a\u0438 \u043f\u0435\u0441\u043a\u0430\" \/><\/a>\n\t\t\t<\/div><\/figure>\n\t\t<\/div>\n\n<p>&nbsp;<\/p>\n<ul>\n<li><a href=\"https:\/\/isilos.ru\/es\/catalogo-de-productos-y-precios.php\">Ver el cat\u00e1logo completo de productos<\/a><\/li>\n<li>Para obtener ejemplos de dibujos en el plano escribe info@isilos.ru<\/li>\n<\/ul>\n","protected":false},"excerpt":{"rendered":"<p>Planta completa de secado, cribado y envasado de arena, San Petersburgo, verano de 2018 Esta planta puede visitarse cualquier d\u00eda laborable para hacer una visita guiada. Proyecto en Vyshniy Volochek, agosto de 2016 En este proyecto, la capacidad de secado de arena es de 10 toneladas por hora. Despu\u00e9s, se empaqueta la arena seca: sacos [&hellip;]<\/p>\n","protected":false},"author":2,"featured_media":6628,"parent":0,"menu_order":0,"comment_status":"closed","ping_status":"closed","template":"","meta":{"footnotes":""},"class_list":["post-8906","page","type-page","status-publish","has-post-thumbnail","hentry"],"aioseo_notices":[],"_links":{"self":[{"href":"https:\/\/isilos.ru\/es\/wp-json\/wp\/v2\/pages\/8906","targetHints":{"allow":["GET"]}}],"collection":[{"href":"https:\/\/isilos.ru\/es\/wp-json\/wp\/v2\/pages"}],"about":[{"href":"https:\/\/isilos.ru\/es\/wp-json\/wp\/v2\/types\/page"}],"author":[{"embeddable":true,"href":"https:\/\/isilos.ru\/es\/wp-json\/wp\/v2\/users\/2"}],"replies":[{"embeddable":true,"href":"https:\/\/isilos.ru\/es\/wp-json\/wp\/v2\/comments?post=8906"}],"version-history":[{"count":0,"href":"https:\/\/isilos.ru\/es\/wp-json\/wp\/v2\/pages\/8906\/revisions"}],"wp:featuredmedia":[{"embeddable":true,"href":"https:\/\/isilos.ru\/es\/wp-json\/wp\/v2\/media\/6628"}],"wp:attachment":[{"href":"https:\/\/isilos.ru\/es\/wp-json\/wp\/v2\/media?parent=8906"}],"curies":[{"name":"wp","href":"https:\/\/api.w.org\/{rel}","templated":true}]}}