{"id":8910,"date":"2011-06-16T10:26:38","date_gmt":"2011-06-16T10:26:38","guid":{"rendered":"https:\/\/isilos.ru\/equipos-para-la-produccion-de-mezclas-secas-para-la-construccion.php"},"modified":"2011-06-16T10:26:38","modified_gmt":"2011-06-16T10:26:38","slug":"equipos-para-la-produccion-de-mezclas-secas-para-la-construccion","status":"publish","type":"page","link":"https:\/\/isilos.ru\/es","title":{"rendered":"Equipos para la producci\u00f3n de mezclas secas para la construcci\u00f3n"},"content":{"rendered":"<p><a  href=\"\/wp-content\/uploads\/2019\/07\/AAMiks_LOGO_2.png\" data-rel=\"lightbox-gallery-0\" data-rl_title=\"\" data-rl_caption=\"\" title=\"\"><img loading=\"lazy\" decoding=\"async\" class=\"alignleft wp-image-3026\" src=\"http:\/\/isilos.ru\/wp-content\/uploads\/2019\/07\/AAMiks_LOGO_2-120x100.png\" alt=\"Planta AAMix\" width=\"140\" height=\"110\" srcset=\"https:\/\/isilos.ru\/wp-content\/uploads\/2019\/07\/AAMiks_LOGO_2-300x236.png 300w, https:\/\/isilos.ru\/wp-content\/uploads\/2019\/07\/AAMiks_LOGO_2.png 410w\" sizes=\"auto, (max-width: 140px) 100vw, 140px\" \/><\/a><\/p>\n<p>Asociaci\u00f3n Cient\u00edfica y de Producci\u00f3n <strong>AAMix Plant<\/strong> lleva diecisiete a\u00f1os desarrollando y fabricando equipos para mezclas secas de construcci\u00f3n, as\u00ed como para el procesamiento y almacenamiento de materiales a granel.<\/p>\n<p>Gracias a la experiencia acumulada en este \u00e1mbito, a nuestra propia producci\u00f3n metal\u00fargica, al uso de tecnolog\u00edas innovadoras y a la alta cualificaci\u00f3n de los especialistas, los productos de la empresa compiten con \u00e9xito con los productos de los fabricantes importados. Durante nuestro trabajo no s\u00f3lo hemos sobrevivido a dos grandes crisis, sino que tambi\u00e9n hemos aumentado la gama de productos fabricados y ampliado la producci\u00f3n. <\/p>\n<p>La geograf\u00eda de suministro de nuestros equipos no es s\u00f3lo Rusia y la CEI, sino tambi\u00e9n el extranjero y Europa.<\/p>\n<p>Fabricamos y suministramos equipos para la producci\u00f3n de mezclas secas de construcci\u00f3n, silos y almacenes, dosificadores, transportadores, filtros, sensores y otros dispositivos para trabajar con materiales en polvo y en grano. La lista completa de productos se presenta en la secci\u00f3n \u00abCat\u00e1logo de productos\u00bb. Tambi\u00e9n somos distribuidor oficial de WAM en San Petersburgo y el distrito Noroeste.  <\/p>\n<p>La marca AAMix se cre\u00f3 especialmente para los equipos que producimos y para aumentar su reconocimiento en Rusia y en el extranjero. Todos los equipos de esta marca est\u00e1n certificados y probados por a\u00f1os de trabajo en empresas industriales. <\/p>\n<h2>Equipamiento para plantas de hormig\u00f3n en seco<\/h2>\n<p>Dise\u00f1amos, fabricamos e instalamos plantas completas de mezcla seca. Entre nuestros clientes figuran: <\/p>\n<ul>\n<li>Peque\u00f1as empresas y peque\u00f1os negocios con plantas con una capacidad de 5-10 toneladas por hora y con poca automatizaci\u00f3n.<\/li>\n<li>Buques insignia de la industria como KNAUF, Gazprom, Petroperlit y otros, con plantas totalmente automatizadas con capacidades de hasta 50 toneladas por hora.<\/li>\n<\/ul>\n<p><a href=\"http:\/\/isilos.ru\/sss_plant.php\">Lee m\u00e1s sobre nuestras plantas.<\/a><br \/><a href=\"http:\/\/isilos.ru\/category\/catalog\">Ve al cat\u00e1logo de productos.<\/a><\/p>\n<h2>Nuestros clientes<\/h2>\n<table class=\"partners\">\n<tbody>\n<tr>\n<td><a  href=\"https:\/\/isilos.ru\/wp-content\/uploads\/2023\/02\/Screenshot-2023-02-25-at-12.14.06.png\" data-rel=\"lightbox-gallery-0\" data-rl_title=\"\" data-rl_caption=\"\" title=\"\"><img loading=\"lazy\" decoding=\"async\" class=\"aligncenter size-full wp-image-4147\" src=\"https:\/\/isilos.ru\/wp-content\/uploads\/2023\/02\/Screenshot-2023-02-25-at-12.14.06.png\" alt=\"Logotipo de Polyplast\" width=\"326\" height=\"118\" srcset=\"https:\/\/isilos.ru\/wp-content\/uploads\/2023\/02\/Screenshot-2023-02-25-at-12.14.06.png 326w, https:\/\/isilos.ru\/wp-content\/uploads\/2023\/02\/Screenshot-2023-02-25-at-12.14.06-300x109.png 300w\" sizes=\"auto, (max-width: 326px) 100vw, 326px\" \/><\/a><\/td>\n<td>\n<p>Dise\u00f1\u00f3 y suministr\u00f3 una l\u00ednea completa de dosificaci\u00f3n de componentes a una planta de mezcla seca.  <a href=\"https:\/\/isilos.ru\/dosing-line-poliplast.php\">Noticias con fotos.<\/a><\/p>\n<\/td>\n<\/tr>\n<tr>\n<td class=\"logo_part\"><img loading=\"lazy\" decoding=\"async\" class=\"aligncenter size-full wp-image-2666\" src=\"http:\/\/isilos.ru\/wp-content\/uploads\/2011\/06\/logo.png\" alt=\"\" width=\"150\" height=\"31\" srcset=\"https:\/\/isilos.ru\/wp-content\/uploads\/2011\/06\/logo.png 150w, https:\/\/isilos.ru\/wp-content\/uploads\/2011\/06\/logo-144x31.png 144w\" sizes=\"auto, (max-width: 150px) 100vw, 150px\" \/><\/td>\n<td>\n<p>Construimos una planta completa en Kaliningrado para producir mezclas secas con la marca Klester.  <a href=\"https:\/\/isilos.ru\/kaliningard-dry-mix-installed.php\">Informe de proyecto e instalaci\u00f3n.<\/a><\/p>\n<\/td>\n<\/tr>\n<tr>\n<td class=\"logo_part\"><a  href=\"http:\/\/isilos.ru\/wp-content\/uploads\/2011\/06\/logo-gazprom.png\" data-rel=\"lightbox-gallery-0\" data-rl_title=\"\" data-rl_caption=\"\" title=\"\"><img loading=\"lazy\" decoding=\"async\" class=\"size-full wp-image-1752 aligncenter\" src=\"http:\/\/isilos.ru\/wp-content\/uploads\/2011\/06\/logo-gazprom.png\" alt=\"\" width=\"100\" height=\"49\"><\/a><\/td>\n<td>\n<p>Gazprom &#8211; dise\u00f1amos, fabricamos y suministramos una planta totalmente autom\u00e1tica para la producci\u00f3n de mezclas secas. La planta est\u00e1 dise\u00f1ada para funcionar en la regi\u00f3n de Mosc\u00fa.<a href=\"http:\/\/isilos.ru\/gazprom-plant.php\">(noticia 1<\/a>, <a href=\"http:\/\/isilos.ru\/final-dry-mix-plant-production-gazprom.php\">noticia 2<\/a>)<\/p>\n<\/td>\n<\/tr>\n<tr>\n<td class=\"logo_part\"><img loading=\"lazy\" decoding=\"async\" class=\"aligncenter size-full wp-image-2668\" src=\"http:\/\/isilos.ru\/wp-content\/uploads\/2011\/06\/knauf_logo.jpg\" alt=\"\" width=\"150\" height=\"92\"><\/td>\n<td>\n<p>Knauf es un gran productor de masillas y mezclas secas de renombre internacional. Para ellos fabricamos sistemas de automatizaci\u00f3n, sistemas de dosificaci\u00f3n, plantas dosificadoras, silos, etc.<a href=\"http:\/\/isilos.ru\/rastarivetel.php\">(noticia 1<\/a>, <a href=\"http:\/\/isilos.ru\/news14.php\">noticia 2<\/a>)<\/p>\n<\/td>\n<\/tr>\n<tr>\n<td class=\"logo_part\"><a  href=\"http:\/\/isilos.ru\/wp-content\/uploads\/2018\/07\/logo-cormix.png\" data-rel=\"lightbox-gallery-0\" data-rl_title=\"\" data-rl_caption=\"\" title=\"\"><img loading=\"lazy\" decoding=\"async\" class=\"aligncenter size-full wp-image-2862\" src=\"http:\/\/isilos.ru\/wp-content\/uploads\/2018\/07\/logo-cormix.png\" alt=\"\" width=\"110\" height=\"136\"><\/a><\/td>\n<td>\n<p>El 22 de mayo de 2015, entre la empresa LLC \u00abKORMIX\u00bb RF y CORMIX INTERNATIONAL LIMITED se firm\u00f3 un contrato para la construcci\u00f3n de una planta en Rusia para la producci\u00f3n de materiales impermeabilizantes marca CORMIX.<br \/>El proyecto y el equipo fueron hechos por nuestra planta.<a href=\"https:\/\/isilos.ru\/dry-mortar-line-to-vologda.php\">(noticias<\/a>, <a href=\"https:\/\/cormixhydro.ru\/about\" target=\"_blank\" rel=\"noopener noreferrer\">sitio web del cliente<\/a>)<\/p>\n<\/td>\n<\/tr>\n<tr>\n<td class=\"logo_part\"><img decoding=\"async\" class=\"aligncenter\" src=\"\/wp-content\/themes\/default\/partners\/logo_aac.jpg\" alt=\"\" height=\"45\"><\/td>\n<td>\n<p>HESS AAC Systems (Holanda) &#8211; suministr\u00f3 una planta completa para Europa.<a href=\"http:\/\/isilos.ru\/sss_plant.php\">(noticia 1<\/a>, <a href=\"http:\/\/isilos.ru\/news2.php\">noticia 2<\/a>, <a href=\"http:\/\/isilos.ru\/dry-mix-holland.php\">noticia 3<\/a>)<\/p>\n<\/td>\n<\/tr>\n<tr>\n<td class=\"logo_part\"><a  href=\"http:\/\/isilos.ru\/wp-content\/uploads\/2018\/07\/aerostone-logo.png\" data-rel=\"lightbox-gallery-0\" data-rl_title=\"\" data-rl_caption=\"\" title=\"\"><img loading=\"lazy\" decoding=\"async\" class=\"aligncenter size-full wp-image-2863\" src=\"http:\/\/isilos.ru\/wp-content\/uploads\/2018\/07\/aerostone-logo.png\" alt=\"\" width=\"120\" height=\"35\"><\/a><\/td>\n<td>Planta de hormig\u00f3n celular AeroStone: dise\u00f1o, fabricaci\u00f3n y puesta en marcha de una l\u00ednea completa de producci\u00f3n de mezcla seca en una planta de hormig\u00f3n celular autoclavado<a href=\"http:\/\/www.aerostone.ru\/products\/mixture.php\">(sitio web del cliente<\/a>).<\/td>\n<\/tr>\n<\/tbody>\n<\/table>\n<p style=\"text-align: left;\">Adem\u00e1s de m\u00e1s de 500 clientes de toda Rusia y del mundo. <a href=\"https:\/\/isilos.ru\/es\/clientes-de-la-planta-aamix.php\">Ver la lista de referencias<\/a> con los principales clientes.<\/p>\n<h2>Garant\u00eda de calidad y proceso de producci\u00f3n<\/h2>\n<p>La f\u00e1brica AAMix utiliza tecnolog\u00edas modernas en su trabajo, lo que garantiza la alta calidad de los productos, su fiabilidad, la plena conformidad con los planos y su bello aspecto.<\/p>\n<p>El proceso de fabricaci\u00f3n de los equipos comienza con la creaci\u00f3n de modelos 3D en programas inform\u00e1ticos especiales. Las piezas se forman en una m\u00e1quina industrial de corte de metal por l\u00e1ser, y luego se sueldan, ensamblan y pintan. Para los silos y almacenes de cemento, se utiliza la soldadura a doble cara de las piezas (interior y exterior).  <\/p>\n<p>Todos los equipos de las marcas AAMix est\u00e1n certificados. Los productos suministrados por nosotros son conocidos en el mercado mundial por la alta calidad de los componentes para la producci\u00f3n de mezclas secas de construcci\u00f3n, cemento, hormig\u00f3n. <\/p>\n<h2>Videoclip de nuestro cliente<\/h2>\n<p>Producci\u00f3n de mezclas Klester en Kalinigrad. El proyecto y todo el equipamiento fueron realizados por nuestra planta. (En total, ya hemos hecho tres plantas llave en mano para Kaliningrado y la regi\u00f3n. Todas ellas funcionan con \u00e9xito desde hace varios a\u00f1os. Los clientes est\u00e1n satisfechos y piden ampliaciones y piezas de recambio).  <\/p>\n<p><iframe loading=\"lazy\" src=\"\/\/www.youtube.com\/embed\/vg_84634BGY\" width=\"560\" height=\"314\" allowfullscreen=\"allowfullscreen\"><\/iframe><\/p>\n<p>Consulta la descripci\u00f3n completa de c\u00f3mo se dise\u00f1\u00f3 esta planta + reportaje fotogr\u00e1fico de c\u00f3mo se mont\u00f3.  <a href=\"https:\/\/isilos.ru\/kaliningard-dry-mix-installed.php\">Ver.<\/a><\/p>\n<h2>Mapa de nuestras plantas y proyectos emblem\u00e1ticos<\/h2>\n<p>Entre los clientes puedes ver tanto las divisiones de KNAUF (Danogips), Gazprom, Norilsk Nickel y otras grandes empresas, como plantas construidas por empresas privadas para cubrir las necesidades de mezclas secas en peque\u00f1as ciudades y regiones.<\/p>\n<p>Estamos orgullosos de que muchos clientes lleven con nosotros m\u00e1s de 10 a\u00f1os y pidan constantemente nuevos equipos. Mejoramos constantemente la calidad, hacemos planos de calidad para cada proyecto, acompa\u00f1amos todos los equipos con toda la documentaci\u00f3n. <\/p>\n<div style=\"position: relative; overflow: hidden;\"><a style=\"color: #eee; font-size: 12px; position: absolute; top: 0px;\" href=\"https:\/\/yandex.ru\/maps?utm_medium=mapframe&amp;utm_source=maps\">Yandex.Mapas<\/a><a style=\"color: #eee; font-size: 12px; position: absolute; top: 14px;\" href=\"https:\/\/yandex.ru\/maps\/?l=sat%2Cskl&amp;ll=100.351220%2C50.598695&amp;mode=usermaps&amp;source=constructorLink&amp;um=constructor%3A9fd9126de61d5933233d35c295f2c323bbfb14bad0d4a863eb07670b9b4e4036&amp;utm_medium=mapframe&amp;utm_source=maps&amp;z=3\">Yandex.Maps &#8211; b\u00fasqueda de lugares y direcciones, transporte urbano<\/a><iframe loading=\"lazy\" style=\"position: relative;\" src=\"https:\/\/yandex.ru\/map-widget\/v1\/-\/CCUAaRBgcD\" width=\"560\" height=\"400\" frameborder=\"1\" allowfullscreen=\"allowfullscreen\"><\/iframe><\/div>\n<h2>Participantes habituales de la conferencia BaltiMix<\/h2>\n<p><a  href=\"http:\/\/isilos.ru\/wp-content\/uploads\/2018\/10\/logo_baltimix2018.png\" data-rel=\"lightbox-gallery-0\" data-rl_title=\"\" data-rl_caption=\"\" title=\"\"><img loading=\"lazy\" decoding=\"async\" class=\"alignright size-full wp-image-2907\" src=\"http:\/\/isilos.ru\/wp-content\/uploads\/2018\/10\/logo_baltimix2018.png\" alt=\"\" width=\"200\" height=\"173\"><\/a>En 2018, 2023, 2024 participamos en la principal conferencia sobre mortero seco: Baltimix.<\/p>\n<p>Entre empresas como Haver&amp;Boecker, Lahti hicimos un informe sobre automatizaci\u00f3n y construcci\u00f3n completa llave en mano de plantas de mezcla seca.<\/p>\n<p>El informe mostraba un sistema de control y supervisi\u00f3n en l\u00ednea de la planta que puede duplicar el panel de control industrial en la propia planta. El control puede realizarse desde un ordenador o una tableta. Este desarrollo era de gran inter\u00e9s tanto para los productores de mezclas como para los de equipos.  <\/p>\n<p><a href=\"https:\/\/isilos.ru\/beltimix-2023.php\">Mira las noticias sobre la conferencia de 2023.<\/a><\/p>\n<h2>En 2022, los participantes en la conferencia MixBuild<\/h2>\n<p><img loading=\"lazy\" decoding=\"async\" class=\"alignright size-full wp-image-4043\" src=\"https:\/\/isilos.ru\/wp-content\/uploads\/2023\/01\/MixBuild_2022.jpg\" alt=\"MixBuild\" width=\"200\" height=\"63\">En noviembre de 2022, asistimos a MixBuild, la principal conferencia sobre morteros secos.<\/p>\n<p>M\u00e1s de 300 representantes de grandes empresas, cient\u00edficos y tecn\u00f3logos asistieron a una presentaci\u00f3n sobre c\u00f3mo modernizar la automatizaci\u00f3n de las plantas de mezcla seca con software de c\u00f3digo abierto.<\/p>\n<p>La segunda parte del informe trataba sobre c\u00f3mo dise\u00f1ar, construir y gestionar una gran planta de CCC.<\/p>\n<p>Adem\u00e1s, el informe fue aceptado para su publicaci\u00f3n en la revista anal\u00edtica internacional ALITINFORM \u00abCemento. BET\u00d3N. MEZCLAS SECAS\u00bb.<\/p>\n<p>&nbsp;<\/p>\n<p style=\"text-align: center;\"><b>\u00a1La f\u00e1brica AAMix garantiza una alta calidad constante de los productos!<\/b><\/p>\n","protected":false},"excerpt":{"rendered":"<p>Asociaci\u00f3n Cient\u00edfica y de Producci\u00f3n AAMix Plant lleva diecisiete a\u00f1os desarrollando y fabricando equipos para mezclas secas de construcci\u00f3n, as\u00ed como para el procesamiento y almacenamiento de materiales a granel. Gracias a la experiencia acumulada en este \u00e1mbito, a nuestra propia producci\u00f3n metal\u00fargica, al uso de tecnolog\u00edas innovadoras y a la alta cualificaci\u00f3n de los [&hellip;]<\/p>\n","protected":false},"author":2,"featured_media":7090,"parent":0,"menu_order":0,"comment_status":"closed","ping_status":"closed","template":"","meta":{"footnotes":""},"class_list":["post-8910","page","type-page","status-publish","has-post-thumbnail","hentry"],"aioseo_notices":[],"_links":{"self":[{"href":"https:\/\/isilos.ru\/es\/wp-json\/wp\/v2\/pages\/8910","targetHints":{"allow":["GET"]}}],"collection":[{"href":"https:\/\/isilos.ru\/es\/wp-json\/wp\/v2\/pages"}],"about":[{"href":"https:\/\/isilos.ru\/es\/wp-json\/wp\/v2\/types\/page"}],"author":[{"embeddable":true,"href":"https:\/\/isilos.ru\/es\/wp-json\/wp\/v2\/users\/2"}],"replies":[{"embeddable":true,"href":"https:\/\/isilos.ru\/es\/wp-json\/wp\/v2\/comments?post=8910"}],"version-history":[{"count":0,"href":"https:\/\/isilos.ru\/es\/wp-json\/wp\/v2\/pages\/8910\/revisions"}],"wp:featuredmedia":[{"embeddable":true,"href":"https:\/\/isilos.ru\/es\/wp-json\/wp\/v2\/media\/7090"}],"wp:attachment":[{"href":"https:\/\/isilos.ru\/es\/wp-json\/wp\/v2\/media?parent=8910"}],"curies":[{"name":"wp","href":"https:\/\/api.w.org\/{rel}","templated":true}]}}